{"id":80109,"date":"2023-12-09T13:32:43","date_gmt":"2023-12-09T12:32:43","guid":{"rendered":"https:\/\/poppers-online.ch\/?post_type=product&#038;p=80109"},"modified":"2025-10-23T13:44:55","modified_gmt":"2025-10-23T11:44:55","slug":"rush-ultra-strong-popper-boxed-30ml-kopie","status":"publish","type":"product","link":"https:\/\/dev.poppers-online.ch\/it\/prodotto\/rush-ultra-strong-popper-boxed-30ml-kopie\/","title":{"rendered":"Power RUSH Popper Combo 3x Rush Ultra Strong in scatola 30ml"},"content":{"rendered":"<p><span data-sheets-value=\"{&quot;1&quot;:2,&quot;2&quot;:&quot;L'originale Rush Ultra Strong Poppers \u00e8 tornato dal Canada nell'inconfondibile bottiglia gialla da 30ml. \u00c8 stato copiato molte volte in Europa e ora \u00e8 stato sviluppato nuovamente dal produttore Lockerroom dal Canada. Formula estrema basata sulla formula canadese Pentyl. Rush Ultra Strong Poppers \u00e8 fino a 3 volte pi\u00f9 forte del Rush normale. Rush Ultra Strong \u00e8 un originale solo se puoi trovare il logo JJ sul lato del cappuccio. Prova Rush Ultra Strong Poppers e lasciaci una recensione.&quot;}\" data-sheets-userformat=\"{&quot;2&quot;:515,&quot;3&quot;:{&quot;1&quot;:0},&quot;4&quot;:{&quot;1&quot;:2,&quot;2&quot;:65535},&quot;12&quot;:0}\">L&#8217;originale Rush Ultra Strong Poppers \u00e8 tornato dal Canada nell&#8217;inconfondibile bottiglia gialla da 30ml. \u00c8 stato copiato molte volte in Europa e ora \u00e8 stato sviluppato nuovamente dal produttore Lockerroom dal Canada. Formula estrema basata sulla formula canadese Pentyl. Rush Ultra Strong Poppers \u00e8 fino a 3 volte pi\u00f9 forte del Rush normale. Rush Ultra Strong \u00e8 un originale solo se puoi trovare il logo JJ sul lato del cappuccio. Prova Rush Ultra Strong Poppers e lasciaci una recensione.<\/span><\/p>\n","protected":false},"excerpt":{"rendered":"<p><span data-sheets-value=\"{\"1\":2,\"2\":\"Das Original Rush Ultra Strong Poppers ist zur\u00fcck aus Canada in der unverkennbaren gelben 30ml Flasche. Es wurde in Europa x mal kopiert und nun wieder neu entwickelt vom Hersteller Lockerroom aus Canada. Extreme Formula auf Basis der Canadian Pentyl Formula. Rush Ultra Strong Poppers ist bis zu 3x st\u00e4rker als das normale Rush. Das Rush Ultra Strong ist nur dann ein Original, wenn Du das JJ Logo auf der Seite vom Deckel findest. Probiere Rush Ultra Strong Poppers aus und hinterlasse uns eine Produktbewertung.\"}\" data-sheets-userformat=\"{\"2\":515,\"3\":{\"1\":0},\"4\":{\"1\":2,\"2\":65535},\"12\":0}\"><strong>Power RUSH Popper Combo 3x <a href=\"https:\/\/dev.poppers-online.ch\/it\/prodotto\/rush-ultra-strong-popper-30ml\/\">Rush Ultra Strong in scatola 30ml<\/a><\/strong> \u00e8 composto da tre boccette di Rush Ultra Strong da 30ml. Approfittate del pacchetto risparmio! L&#8217;originale Rush Ultra Strong Popper \u00e8 tornato dal Canada nell&#8217;inconfondibile boccetta gialla da 30 ml. \u00c8 stato copiato pi\u00f9 volte in Europa e ora \u00e8 stato rielaborato dal produttore canadese Lockerroom. Formula estrema basata sulla formula canadese Pentyl. Rush Ultra Strong Popper \u00e8 fino a 3 volte pi\u00f9 forte del normale Rush. La Rush Ultra Strong \u00e8 originale solo se si trova il logo JJ sul lato del coperchio. Prova i Popper Ultra Forti di Rush e lasciaci una recensione sul prodotto.<\/span><\/p>\n","protected":false},"featured_media":80113,"comment_status":"open","ping_status":"closed","template":"","meta":{"_acf_changed":false,"_glsr_average":0,"_glsr_ranking":0,"_glsr_reviews":0},"product_brand":[],"product_cat":[1047,104,109],"product_tag":[1897,1898],"class_list":{"0":"post-80109","1":"product","2":"type-product","3":"status-publish","4":"has-post-thumbnail","6":"product_cat-popper","7":"product_cat-confezioni-value","8":"product_cat-boccette-grandi","9":"product_tag-power-rush-combo-3x-rush-ultra-strong-in-confezione-da-30ml","10":"product_tag-power-rush-poppers-combo-3x-rush-ultra-strong-in-scatola-30ml","11":"pa_flaschenform-rotonda-grande","12":"pa_gewindegroesse-piccola","13":"pa_inhalt-combo","14":"pa_inhalt-30ml","15":"pa_inhaltsstoffe-formula-pentile-canadese","16":"pa_marke-lockerroom-popper","17":"pa_marke-rush-popper","18":"pa_staerke-105","20":"first","21":"instock","22":"sale","23":"taxable","24":"shipping-taxable","25":"purchasable","26":"product-type-simple"},"acf":[],"_links":{"self":[{"href":"https:\/\/dev.poppers-online.ch\/it\/wp-json\/wp\/v2\/product\/80109","targetHints":{"allow":["GET"]}}],"collection":[{"href":"https:\/\/dev.poppers-online.ch\/it\/wp-json\/wp\/v2\/product"}],"about":[{"href":"https:\/\/dev.poppers-online.ch\/it\/wp-json\/wp\/v2\/types\/product"}],"replies":[{"embeddable":true,"href":"https:\/\/dev.poppers-online.ch\/it\/wp-json\/wp\/v2\/comments?post=80109"}],"wp:featuredmedia":[{"embeddable":true,"href":"https:\/\/dev.poppers-online.ch\/it\/wp-json\/wp\/v2\/media\/80113"}],"wp:attachment":[{"href":"https:\/\/dev.poppers-online.ch\/it\/wp-json\/wp\/v2\/media?parent=80109"}],"wp:term":[{"taxonomy":"product_brand","embeddable":true,"href":"https:\/\/dev.poppers-online.ch\/it\/wp-json\/wp\/v2\/product_brand?post=80109"},{"taxonomy":"product_cat","embeddable":true,"href":"https:\/\/dev.poppers-online.ch\/it\/wp-json\/wp\/v2\/product_cat?post=80109"},{"taxonomy":"product_tag","embeddable":true,"href":"https:\/\/dev.poppers-online.ch\/it\/wp-json\/wp\/v2\/product_tag?post=80109"}],"curies":[{"name":"wp","href":"https:\/\/api.w.org\/{rel}","templated":true}]}}