{"id":8095,"date":"2021-12-24T14:04:42","date_gmt":"2021-12-24T13:04:42","guid":{"rendered":"https:\/\/poppers-online.ch\/?post_type=product&#038;p=8095"},"modified":"2024-10-16T00:55:29","modified_gmt":"2024-10-15T22:55:29","slug":"poppers-flip-top-cap-wyffr-grey","status":"publish","type":"product","link":"https:\/\/dev.poppers-online.ch\/it\/prodotto\/poppers-flip-top-cap-wyffr-grey\/","title":{"rendered":"Poppers Flip Top Cap WYFF&#8217;R GREY"},"content":{"rendered":"<p>Questa invenzione dagli Stati Uniti ispirer\u00e0 certamente anche voi. Un coperchio che pu\u00f2 essere facilmente aperto e chiuso senza sforzo con una sola mano. Cos\u00ec sei ben preparato per il momento giusto e non devi mai pi\u00f9 cercare un coperchio. I popper hanno meno probabilit\u00e0 di essere svuotati per errore. Il coperchio \u00e8 facile da aprire e senza sforzo da chiudere con una sola mano. La versione grigia di WYFF&#8217;R \u00e8 ideale per tutte le bottiglie quadrate da 25 ml del produttore Lockerroom.<\/p>\n","protected":false},"excerpt":{"rendered":"<p>Poppers Flip Top Cap WYFF&#8217;R GREY &#8211; Questa invenzione dagli Stati Uniti ispirer\u00e0 certamente anche voi. Un coperchio che pu\u00f2 essere facilmente aperto e chiuso senza sforzo con una sola mano. Cos\u00ec sei ben preparato per il momento giusto e non devi mai pi\u00f9 cercare un coperchio. I popper hanno meno probabilit\u00e0 di essere svuotati per errore. Il coperchio \u00e8 facile da aprire e senza sforzo da chiudere con una sola mano. La versione grigia di WYFF&#8217;R \u00e8 ideale per tutte le bottiglie quadrate da 25 ml del produttore Lockerroom.<\/p>\n<p><iframe src=\"https:\/\/player.vimeo.com\/video\/537296330\" width=\"500\" height=\"281\" style=\"border: 1px solid #CCC; margin-top: 40px;\"><\/iframe><\/p>\n<p><iframe src=\"https:\/\/player.vimeo.com\/video\/533630762\" width=\"500\" height=\"281\" style=\"border: 1px solid #CCC; margin-top: 40px;\"><\/iframe><\/p>\n","protected":false},"featured_media":9439,"comment_status":"open","ping_status":"closed","template":"","meta":{"_acf_changed":false,"_glsr_average":0,"_glsr_ranking":0,"_glsr_reviews":0},"product_brand":[],"product_cat":[151,1295],"product_tag":[],"class_list":{"0":"post-8095","1":"product","2":"type-product","3":"status-publish","4":"has-post-thumbnail","6":"product_cat-accessori-popper","7":"product_cat-aroma-topper-it","8":"pa_aroma-topper-gewindegroesse-per-filettatura-grande","10":"first","11":"instock","12":"taxable","13":"shipping-taxable","14":"purchasable","15":"product-type-simple"},"acf":[],"_links":{"self":[{"href":"https:\/\/dev.poppers-online.ch\/it\/wp-json\/wp\/v2\/product\/8095","targetHints":{"allow":["GET"]}}],"collection":[{"href":"https:\/\/dev.poppers-online.ch\/it\/wp-json\/wp\/v2\/product"}],"about":[{"href":"https:\/\/dev.poppers-online.ch\/it\/wp-json\/wp\/v2\/types\/product"}],"replies":[{"embeddable":true,"href":"https:\/\/dev.poppers-online.ch\/it\/wp-json\/wp\/v2\/comments?post=8095"}],"wp:featuredmedia":[{"embeddable":true,"href":"https:\/\/dev.poppers-online.ch\/it\/wp-json\/wp\/v2\/media\/9439"}],"wp:attachment":[{"href":"https:\/\/dev.poppers-online.ch\/it\/wp-json\/wp\/v2\/media?parent=8095"}],"wp:term":[{"taxonomy":"product_brand","embeddable":true,"href":"https:\/\/dev.poppers-online.ch\/it\/wp-json\/wp\/v2\/product_brand?post=8095"},{"taxonomy":"product_cat","embeddable":true,"href":"https:\/\/dev.poppers-online.ch\/it\/wp-json\/wp\/v2\/product_cat?post=8095"},{"taxonomy":"product_tag","embeddable":true,"href":"https:\/\/dev.poppers-online.ch\/it\/wp-json\/wp\/v2\/product_tag?post=8095"}],"curies":[{"name":"wp","href":"https:\/\/api.w.org\/{rel}","templated":true}]}}