{"id":8145,"date":"2021-12-24T15:22:40","date_gmt":"2021-12-24T14:22:41","guid":{"rendered":"https:\/\/poppers-online.ch\/?post_type=product&#038;p=8145"},"modified":"2025-10-23T12:44:56","modified_gmt":"2025-10-23T10:44:56","slug":"poppers-inhaler-double-alu-black-screw","status":"publish","type":"product","link":"https:\/\/dev.poppers-online.ch\/it\/prodotto\/poppers-inhaler-double-alu-black-screw\/","title":{"rendered":"Poppers Inhaler Double Alu Black Screw"},"content":{"rendered":"","protected":false},"excerpt":{"rendered":"<p>Il Poppers Inhaler Double Alu Black Screw con tappo a vite nel design della presa \u00e8 un successo. L&#8217;alloggiamento \u00e8 in alluminio e i due inalatori sono in acciaio inossidabile. La chiusura \u00e8 un tappo a vite. La fornitura comprende un inalatore e un cinturino in pelle. Con questo gadget stupirete tutti. Ecco come preparare l&#8217;inalatore per l&#8217;uso: Svitare i due perni metallici. Imbevete il cotone idrofilo o due bastoncini di cotone idrofilo con una quantit\u00e0 sufficiente di popper. Inserite il cotone idrofilo o i bastoncini di cotone idrofilo nei due perni metallici e riavvitate i perni metallici sull&#8217;inalatore. Ora siete pronti per l&#8217;uso del doppio popper del nostro inalatore doppio.<\/p>\n","protected":false},"featured_media":9677,"comment_status":"open","ping_status":"closed","template":"","meta":{"_acf_changed":false,"_glsr_average":0,"_glsr_ranking":0,"_glsr_reviews":0},"product_brand":[],"product_cat":[151,1309],"product_tag":[],"class_list":{"0":"post-8145","1":"product","2":"type-product","3":"status-publish","4":"has-post-thumbnail","6":"product_cat-accessori-popper","7":"product_cat-inalatore","9":"first","10":"instock","11":"taxable","12":"shipping-taxable","13":"purchasable","14":"product-type-simple"},"acf":[],"_links":{"self":[{"href":"https:\/\/dev.poppers-online.ch\/it\/wp-json\/wp\/v2\/product\/8145","targetHints":{"allow":["GET"]}}],"collection":[{"href":"https:\/\/dev.poppers-online.ch\/it\/wp-json\/wp\/v2\/product"}],"about":[{"href":"https:\/\/dev.poppers-online.ch\/it\/wp-json\/wp\/v2\/types\/product"}],"replies":[{"embeddable":true,"href":"https:\/\/dev.poppers-online.ch\/it\/wp-json\/wp\/v2\/comments?post=8145"}],"wp:featuredmedia":[{"embeddable":true,"href":"https:\/\/dev.poppers-online.ch\/it\/wp-json\/wp\/v2\/media\/9677"}],"wp:attachment":[{"href":"https:\/\/dev.poppers-online.ch\/it\/wp-json\/wp\/v2\/media?parent=8145"}],"wp:term":[{"taxonomy":"product_brand","embeddable":true,"href":"https:\/\/dev.poppers-online.ch\/it\/wp-json\/wp\/v2\/product_brand?post=8145"},{"taxonomy":"product_cat","embeddable":true,"href":"https:\/\/dev.poppers-online.ch\/it\/wp-json\/wp\/v2\/product_cat?post=8145"},{"taxonomy":"product_tag","embeddable":true,"href":"https:\/\/dev.poppers-online.ch\/it\/wp-json\/wp\/v2\/product_tag?post=8145"}],"curies":[{"name":"wp","href":"https:\/\/api.w.org\/{rel}","templated":true}]}}