{"id":8367,"date":"2021-12-27T16:43:02","date_gmt":"2022-01-12T08:19:26","guid":{"rendered":"https:\/\/poppers-online.ch\/?post_type=product&#038;p=8367"},"modified":"2024-10-16T00:50:30","modified_gmt":"2024-10-15T22:50:30","slug":"olio-da-massaggio-body-in-balance-neutral-200ml","status":"publish","type":"product","link":"https:\/\/dev.poppers-online.ch\/it\/prodotto\/olio-da-massaggio-body-in-balance-neutral-200ml\/","title":{"rendered":"Olio da massaggio Body in Balance Neutral 200ml"},"content":{"rendered":"<p>L&#8217;olio da massaggio Body in Balance 200ml di Asha International \u00e8 un classico olio da massaggio senza profumo e fragranza. Body in Balance \u00e8 adatto a tutti i tipi di pelle ed \u00e8 particolarmente buono per i massaggi professionali e sportivi. Body in Balance \u00e8 a pH neutro ed \u00e8 disponibile in bottiglie da 200ml e 500ml.<\/p>\n","protected":false},"excerpt":{"rendered":"<p>L&#8217;Olio da massaggio Body in Balance Neutral 200ml di Asha International \u00e8 un classico olio da massaggio senza profumo e fragranza. Body in Balance \u00e8 adatto a tutti i tipi di pelle ed \u00e8 particolarmente buono per i massaggi professionali e sportivi. Body in Balance \u00e8 a pH neutro ed \u00e8 disponibile in bottiglie da 200ml e 500ml.<\/p>\n","protected":false},"featured_media":9370,"comment_status":"open","ping_status":"closed","template":"","meta":{"_acf_changed":false,"_glsr_average":0,"_glsr_ranking":0,"_glsr_reviews":0},"product_brand":[],"product_cat":[2083,168],"product_tag":[],"class_list":{"0":"post-8367","1":"product","2":"type-product","3":"status-publish","4":"has-post-thumbnail","6":"product_cat-massaggio","7":"product_cat-farmacia","9":"first","10":"instock","11":"taxable","12":"shipping-taxable","13":"purchasable","14":"product-type-simple"},"acf":[],"_links":{"self":[{"href":"https:\/\/dev.poppers-online.ch\/it\/wp-json\/wp\/v2\/product\/8367","targetHints":{"allow":["GET"]}}],"collection":[{"href":"https:\/\/dev.poppers-online.ch\/it\/wp-json\/wp\/v2\/product"}],"about":[{"href":"https:\/\/dev.poppers-online.ch\/it\/wp-json\/wp\/v2\/types\/product"}],"replies":[{"embeddable":true,"href":"https:\/\/dev.poppers-online.ch\/it\/wp-json\/wp\/v2\/comments?post=8367"}],"wp:featuredmedia":[{"embeddable":true,"href":"https:\/\/dev.poppers-online.ch\/it\/wp-json\/wp\/v2\/media\/9370"}],"wp:attachment":[{"href":"https:\/\/dev.poppers-online.ch\/it\/wp-json\/wp\/v2\/media?parent=8367"}],"wp:term":[{"taxonomy":"product_brand","embeddable":true,"href":"https:\/\/dev.poppers-online.ch\/it\/wp-json\/wp\/v2\/product_brand?post=8367"},{"taxonomy":"product_cat","embeddable":true,"href":"https:\/\/dev.poppers-online.ch\/it\/wp-json\/wp\/v2\/product_cat?post=8367"},{"taxonomy":"product_tag","embeddable":true,"href":"https:\/\/dev.poppers-online.ch\/it\/wp-json\/wp\/v2\/product_tag?post=8367"}],"curies":[{"name":"wp","href":"https:\/\/api.w.org\/{rel}","templated":true}]}}