{"id":86328,"date":"2024-02-05T16:03:55","date_gmt":"2024-02-05T15:15:52","guid":{"rendered":"https:\/\/poppers-online.ch\/produkt\/xtrm-biest-xxl-poppers-snffr-con-lattina-in-alluminio-da-100-ml\/"},"modified":"2025-11-11T13:59:17","modified_gmt":"2025-11-11T12:59:17","slug":"xtrm-biest-xxl-poppers-snffr-con-lattina-in-alluminio-da-100-ml","status":"publish","type":"product","link":"https:\/\/dev.poppers-online.ch\/it\/prodotto\/xtrm-biest-xxl-poppers-snffr-con-lattina-in-alluminio-da-100-ml\/","title":{"rendered":"XTRM BIEST XXL POPPERS SNFFR con lattina in alluminio da 60 ml"},"content":{"rendered":"","protected":false},"excerpt":{"rendered":"<p><span style=\"font-weight: 400;\">L&#8217;<strong>XTRM BIEST XXL POPPERS SNFFR con lattina in alluminio da 60 ml<\/strong> stabilisce nuovi standard. Il BIEST \u00e8 dotato di un&#8217;apertura XXL e di un canale trifase per un effetto esplosivo. L&#8217;XTRM BIEST render\u00e0 debole anche il pi\u00f9 duro dei ragazzi. Potete appendere il vostro XTRM beast al collo con una catena o una cinghia di cuoio per essere sempre pronti. XTRM BIEST \u00e8 dotato di una lattina di alluminio da 60 ml in cui \u00e8 possibile conservare i popper in modo permanente. A tal fine vi forniamo un coperchio sicuro. La lattina di alluminio rimane al suo posto grazie al tappo in dotazione. <\/span><\/p>\n","protected":false},"featured_media":86323,"comment_status":"open","ping_status":"closed","template":"","meta":{"_acf_changed":false,"_glsr_average":0,"_glsr_ranking":0,"_glsr_reviews":0},"product_brand":[],"product_cat":[151,1304],"product_tag":[],"class_list":{"0":"post-86328","1":"product","2":"type-product","3":"status-publish","4":"has-post-thumbnail","6":"product_cat-accessori-popper","7":"product_cat-booster-caps-it","9":"first","10":"instock","11":"taxable","12":"shipping-taxable","13":"purchasable","14":"product-type-simple"},"acf":[],"_links":{"self":[{"href":"https:\/\/dev.poppers-online.ch\/it\/wp-json\/wp\/v2\/product\/86328","targetHints":{"allow":["GET"]}}],"collection":[{"href":"https:\/\/dev.poppers-online.ch\/it\/wp-json\/wp\/v2\/product"}],"about":[{"href":"https:\/\/dev.poppers-online.ch\/it\/wp-json\/wp\/v2\/types\/product"}],"replies":[{"embeddable":true,"href":"https:\/\/dev.poppers-online.ch\/it\/wp-json\/wp\/v2\/comments?post=86328"}],"wp:featuredmedia":[{"embeddable":true,"href":"https:\/\/dev.poppers-online.ch\/it\/wp-json\/wp\/v2\/media\/86323"}],"wp:attachment":[{"href":"https:\/\/dev.poppers-online.ch\/it\/wp-json\/wp\/v2\/media?parent=86328"}],"wp:term":[{"taxonomy":"product_brand","embeddable":true,"href":"https:\/\/dev.poppers-online.ch\/it\/wp-json\/wp\/v2\/product_brand?post=86328"},{"taxonomy":"product_cat","embeddable":true,"href":"https:\/\/dev.poppers-online.ch\/it\/wp-json\/wp\/v2\/product_cat?post=86328"},{"taxonomy":"product_tag","embeddable":true,"href":"https:\/\/dev.poppers-online.ch\/it\/wp-json\/wp\/v2\/product_tag?post=86328"}],"curies":[{"name":"wp","href":"https:\/\/api.w.org\/{rel}","templated":true}]}}