{"id":89075,"date":"2024-03-11T20:17:00","date_gmt":"2024-03-11T19:17:01","guid":{"rendered":"https:\/\/poppers-online.ch\/?post_type=product&#038;p=89075"},"modified":"2025-01-22T19:13:06","modified_gmt":"2025-01-22T18:13:06","slug":"supporto-xtrm-blu-piatto-per-flaconi-da-24ml","status":"publish","type":"product","link":"https:\/\/dev.poppers-online.ch\/it\/prodotto\/supporto-xtrm-blu-piatto-per-flaconi-da-24ml\/","title":{"rendered":"Supporto XTRM blu piatto &#8211; per flaconi da 24ml"},"content":{"rendered":"","protected":false},"excerpt":{"rendered":"<p>Con il supporto piatto XTRM non dovrete pi\u00f9 preoccuparvi che le bottiglie di poppers si rovescino. Il supporto XTRM offre la massima stabilit\u00e0 ed \u00e8 stato appositamente sviluppato per garantire che la bottiglia di popper rimanga saldamente in piedi in qualsiasi situazione, anche senza il coperchio. \u00c8 possibile lasciare il supporto attaccato alla bottiglia anche mentre si sniffa, senza preoccuparsi che la bottiglia cada. Il supporto piatto XTRM non \u00e8 solo ultra-pratico, ma anche molto elegante e disponibile in 5 colori diversi per tutte e 4 le forme di bottiglia.<\/p>\n","protected":false},"featured_media":90003,"comment_status":"open","ping_status":"closed","template":"","meta":{"_acf_changed":false,"_glsr_average":0,"_glsr_ranking":0,"_glsr_reviews":0},"product_brand":[],"product_cat":[151,1298],"product_tag":[],"class_list":{"0":"post-89075","1":"product","2":"type-product","3":"status-publish","4":"has-post-thumbnail","6":"product_cat-accessori-popper","7":"product_cat-depositi-di-stoccaggio","9":"first","10":"instock","11":"taxable","12":"shipping-taxable","13":"purchasable","14":"product-type-simple"},"acf":[],"_links":{"self":[{"href":"https:\/\/dev.poppers-online.ch\/it\/wp-json\/wp\/v2\/product\/89075","targetHints":{"allow":["GET"]}}],"collection":[{"href":"https:\/\/dev.poppers-online.ch\/it\/wp-json\/wp\/v2\/product"}],"about":[{"href":"https:\/\/dev.poppers-online.ch\/it\/wp-json\/wp\/v2\/types\/product"}],"replies":[{"embeddable":true,"href":"https:\/\/dev.poppers-online.ch\/it\/wp-json\/wp\/v2\/comments?post=89075"}],"wp:featuredmedia":[{"embeddable":true,"href":"https:\/\/dev.poppers-online.ch\/it\/wp-json\/wp\/v2\/media\/90003"}],"wp:attachment":[{"href":"https:\/\/dev.poppers-online.ch\/it\/wp-json\/wp\/v2\/media?parent=89075"}],"wp:term":[{"taxonomy":"product_brand","embeddable":true,"href":"https:\/\/dev.poppers-online.ch\/it\/wp-json\/wp\/v2\/product_brand?post=89075"},{"taxonomy":"product_cat","embeddable":true,"href":"https:\/\/dev.poppers-online.ch\/it\/wp-json\/wp\/v2\/product_cat?post=89075"},{"taxonomy":"product_tag","embeddable":true,"href":"https:\/\/dev.poppers-online.ch\/it\/wp-json\/wp\/v2\/product_tag?post=89075"}],"curies":[{"name":"wp","href":"https:\/\/api.w.org\/{rel}","templated":true}]}}