{"id":89272,"date":"2024-03-12T16:28:19","date_gmt":"2024-03-12T15:32:13","guid":{"rendered":"https:\/\/poppers-online.ch\/?post_type=product&#038;p=89272"},"modified":"2024-10-15T23:20:36","modified_gmt":"2024-10-15T21:20:36","slug":"working-stiff-il-dildo-del-pompiere-calexotics","status":"publish","type":"product","link":"https:\/\/dev.poppers-online.ch\/it\/prodotto\/working-stiff-il-dildo-del-pompiere-calexotics\/","title":{"rendered":"Working Stiff &#8211; Il dildo del pompiere CalExotics"},"content":{"rendered":"","protected":false},"excerpt":{"rendered":"<p>Il salvataggio \u00e8 a portata di mano, perch\u00e9 il pompiere di Working Stiff CalExotics Dildo \u00e8 arrivato per prendersi cura del tuo buco caldo! Preparatevi a divertirvi con l&#8217;enorme e potente pene del pompiere muscoloso e a provare un&#8217;intensa sensazione di stimolazione. Il suo materiale TPE e il design dei testicoli e delle vene realistiche che ricordano un vero cazzo vi faranno sentire come se steste facendo sesso selvaggio in un&#8217;autopompa!<\/p>\n<p>Alla base del dildo si trova una ventosa che permette di attaccare il Fireman a superfici lisce per cavalcare il pene di questo uomo muscoloso in orizzontale o in verticale. In questo modo, avrete le mani libere per massaggiare il vostro pene e godere di una doppia stimolazione impareggiabile che vi porter\u00e0 al culmine. Il dildo pu\u00f2 essere utilizzato anche con gli orinatoi.<\/p>\n<p>Per godere al massimo del cazzo del pompiere e farlo scivolare perfettamente nel vostro buco, applicate del lubrificante a base d&#8217;acqua. Dopo l&#8217;uso, lavarlo con acqua tiepida e sapone neutro o con un detergente speciale per giocattoli sessuali, quindi lasciarlo asciugare completamente all&#8217;aria.<\/p>\n<p><strong>Dettagli del prodotto:<\/strong><br \/>\n\u2713 Design realistico<br \/>\n\u2713 Forte ventosa<br \/>\n\u2713 Rispettoso del corpo e privo di ftalati<br \/>\n\u2713 Materiale flessibile, confortevole e impermeabile<br \/>\n\u2713 Utilizzabile con le imbracature<br \/>\n\u2713 Compatibile con lubrificanti a base d&#8217;acqua<br \/>\n\u2713 Facile da usare e da pulire<\/p>\n<p>Lunghezza totale: circa 21,5 cm<br \/>\nLunghezza inseribile: circa 16,5 cm<br \/>\nDiametro inseribile: circa 4,5 cm<br \/>\nMateriale: TPE<br \/>\nColore: pelle chiara<\/p>\n","protected":false},"featured_media":89269,"comment_status":"closed","ping_status":"closed","template":"","meta":{"_acf_changed":false,"_glsr_average":0,"_glsr_ranking":0,"_glsr_reviews":0},"product_brand":[],"product_cat":[2086,172],"product_tag":[],"class_list":{"0":"post-89272","1":"product","2":"type-product","3":"status-publish","4":"has-post-thumbnail","6":"product_cat-anal-play","7":"product_cat-sex-toys","9":"first","10":"instock","11":"taxable","12":"shipping-taxable","13":"purchasable","14":"product-type-simple"},"acf":[],"_links":{"self":[{"href":"https:\/\/dev.poppers-online.ch\/it\/wp-json\/wp\/v2\/product\/89272","targetHints":{"allow":["GET"]}}],"collection":[{"href":"https:\/\/dev.poppers-online.ch\/it\/wp-json\/wp\/v2\/product"}],"about":[{"href":"https:\/\/dev.poppers-online.ch\/it\/wp-json\/wp\/v2\/types\/product"}],"replies":[{"embeddable":true,"href":"https:\/\/dev.poppers-online.ch\/it\/wp-json\/wp\/v2\/comments?post=89272"}],"wp:featuredmedia":[{"embeddable":true,"href":"https:\/\/dev.poppers-online.ch\/it\/wp-json\/wp\/v2\/media\/89269"}],"wp:attachment":[{"href":"https:\/\/dev.poppers-online.ch\/it\/wp-json\/wp\/v2\/media?parent=89272"}],"wp:term":[{"taxonomy":"product_brand","embeddable":true,"href":"https:\/\/dev.poppers-online.ch\/it\/wp-json\/wp\/v2\/product_brand?post=89272"},{"taxonomy":"product_cat","embeddable":true,"href":"https:\/\/dev.poppers-online.ch\/it\/wp-json\/wp\/v2\/product_cat?post=89272"},{"taxonomy":"product_tag","embeddable":true,"href":"https:\/\/dev.poppers-online.ch\/it\/wp-json\/wp\/v2\/product_tag?post=89272"}],"curies":[{"name":"wp","href":"https:\/\/api.w.org\/{rel}","templated":true}]}}