{"id":90176,"date":"2024-03-27T15:38:54","date_gmt":"2024-03-27T15:29:07","guid":{"rendered":"https:\/\/poppers-online.ch\/?post_type=product&#038;p=90176"},"modified":"2024-10-15T23:20:33","modified_gmt":"2024-10-15T21:20:33","slug":"colt-expandable-butt-plug","status":"publish","type":"product","link":"https:\/\/dev.poppers-online.ch\/it\/prodotto\/colt-expandable-butt-plug\/","title":{"rendered":"COLT Expandable Butt Plug"},"content":{"rendered":"","protected":false},"excerpt":{"rendered":"<p>Sei pronto ad ampliare la tua esperienza anale? Allora il COLT Expandable Butt Plug \u00e8 proprio ci\u00f2 di cui hai bisogno. Questo plug \u00e8 dotato di una base spessa, offrendo una sensazione intensa per coloro che amano le sensazioni robuste! Realizzato in PVC, gomma e ABS, questo plug pu\u00f2 essere facilmente gonfiato utilizzando il tubo e la valvola di scarico, anche mentre lo si indossa, creando cos\u00ec una sensazione di piena espansione. Il plug anale espandibile COLT rosso e nero caldo \u00e8 dotato di una pompa a bulbo facile da usare e di una semplice valvola di scarico, rendendo il suo utilizzo altrettanto semplice quanto soddisfacente. Inoltre, questo plug gonfiabile di alta qualit\u00e0 offre sicurezza e soddisfazione assolute. Flessibile e resistente, questo plug gonfiabile rende ogni avventura anale pi\u00f9 facile e pi\u00f9 eccitante. Quindi preparati ad aumentare il divertimento e l&#8217;emozione! Con il COLT Expandable Butt Plug, otterrai il piacere delle dimensioni COLT che desideri. Per un piacere massimo, utilizza il plug con un lubrificante a base d&#8217;acqua e ricordati di pulirlo prima e dopo ogni utilizzo con acqua e sapone o un detergente per giocattoli.<\/p>\n","protected":false},"featured_media":90151,"comment_status":"open","ping_status":"closed","template":"","meta":{"_acf_changed":false,"_glsr_average":0,"_glsr_ranking":0,"_glsr_reviews":0},"product_brand":[],"product_cat":[2086,172],"product_tag":[],"class_list":{"0":"post-90176","1":"product","2":"type-product","3":"status-publish","4":"has-post-thumbnail","6":"product_cat-anal-play","7":"product_cat-sex-toys","9":"first","10":"instock","11":"taxable","12":"shipping-taxable","13":"purchasable","14":"product-type-simple"},"acf":[],"_links":{"self":[{"href":"https:\/\/dev.poppers-online.ch\/it\/wp-json\/wp\/v2\/product\/90176","targetHints":{"allow":["GET"]}}],"collection":[{"href":"https:\/\/dev.poppers-online.ch\/it\/wp-json\/wp\/v2\/product"}],"about":[{"href":"https:\/\/dev.poppers-online.ch\/it\/wp-json\/wp\/v2\/types\/product"}],"replies":[{"embeddable":true,"href":"https:\/\/dev.poppers-online.ch\/it\/wp-json\/wp\/v2\/comments?post=90176"}],"wp:featuredmedia":[{"embeddable":true,"href":"https:\/\/dev.poppers-online.ch\/it\/wp-json\/wp\/v2\/media\/90151"}],"wp:attachment":[{"href":"https:\/\/dev.poppers-online.ch\/it\/wp-json\/wp\/v2\/media?parent=90176"}],"wp:term":[{"taxonomy":"product_brand","embeddable":true,"href":"https:\/\/dev.poppers-online.ch\/it\/wp-json\/wp\/v2\/product_brand?post=90176"},{"taxonomy":"product_cat","embeddable":true,"href":"https:\/\/dev.poppers-online.ch\/it\/wp-json\/wp\/v2\/product_cat?post=90176"},{"taxonomy":"product_tag","embeddable":true,"href":"https:\/\/dev.poppers-online.ch\/it\/wp-json\/wp\/v2\/product_tag?post=90176"}],"curies":[{"name":"wp","href":"https:\/\/api.w.org\/{rel}","templated":true}]}}