{"id":91657,"date":"2024-04-24T12:17:24","date_gmt":"2024-04-24T10:22:21","guid":{"rendered":"https:\/\/poppers-online.ch\/produkt\/cinghia-per-il-cazzo-e-la-palla-serie-titus-silicon\/"},"modified":"2025-01-22T18:38:59","modified_gmt":"2025-01-22T17:38:59","slug":"cinghia-per-il-cazzo-e-la-palla-serie-titus-silicon","status":"publish","type":"product","link":"https:\/\/dev.poppers-online.ch\/it\/prodotto\/cinghia-per-il-cazzo-e-la-palla-serie-titus-silicon\/","title":{"rendered":"Cinghia per il cazzo e le palle Serie Titus Silicon"},"content":{"rendered":"","protected":false},"excerpt":{"rendered":"<p><b>Cinghia per il cazzo e le palle Serie Titus Silicon <\/b><span style=\"font-weight: 400;\">in morbido silicone, offre una grande variet\u00e0. Puoi regolare facilmente la cinghia per il cazzo e la palla in tre diverse misure per rafforzare la tua erezione. Questa parte stringe insieme la base del tuo cazzo e le palle e garantisce un&#8217;erezione migliore e sensazioni pi\u00f9 forti durante la preparazione all&#8217;orgasmo. I robusti bottoni a pressione sono facili da usare e puoi facilmente cambiare la misura dell&#8217;anello in 35 mm, 45 mm o 55 mm. \u00c8 ideale per le sessioni pi\u00f9 lunghe o per essere indossato durante il giorno. Il silicone di alta qualit\u00e0 sembra una seconda pelle, anche per lunghi periodi di tempo. Funziona in modo eccellente con i lubrificanti a base d&#8217;acqua o ibridi.<\/span><\/p>\n","protected":false},"featured_media":91653,"comment_status":"open","ping_status":"closed","template":"","meta":{"_acf_changed":false,"_glsr_average":0,"_glsr_ranking":0,"_glsr_reviews":0},"product_brand":[],"product_cat":[2089,2092,172],"product_tag":[],"class_list":{"0":"post-91657","1":"product","2":"type-product","3":"status-publish","4":"has-post-thumbnail","6":"product_cat-ball-play","7":"product_cat-cock-play","8":"product_cat-sex-toys","10":"first","11":"instock","12":"taxable","13":"shipping-taxable","14":"purchasable","15":"product-type-simple"},"acf":[],"_links":{"self":[{"href":"https:\/\/dev.poppers-online.ch\/it\/wp-json\/wp\/v2\/product\/91657","targetHints":{"allow":["GET"]}}],"collection":[{"href":"https:\/\/dev.poppers-online.ch\/it\/wp-json\/wp\/v2\/product"}],"about":[{"href":"https:\/\/dev.poppers-online.ch\/it\/wp-json\/wp\/v2\/types\/product"}],"replies":[{"embeddable":true,"href":"https:\/\/dev.poppers-online.ch\/it\/wp-json\/wp\/v2\/comments?post=91657"}],"wp:featuredmedia":[{"embeddable":true,"href":"https:\/\/dev.poppers-online.ch\/it\/wp-json\/wp\/v2\/media\/91653"}],"wp:attachment":[{"href":"https:\/\/dev.poppers-online.ch\/it\/wp-json\/wp\/v2\/media?parent=91657"}],"wp:term":[{"taxonomy":"product_brand","embeddable":true,"href":"https:\/\/dev.poppers-online.ch\/it\/wp-json\/wp\/v2\/product_brand?post=91657"},{"taxonomy":"product_cat","embeddable":true,"href":"https:\/\/dev.poppers-online.ch\/it\/wp-json\/wp\/v2\/product_cat?post=91657"},{"taxonomy":"product_tag","embeddable":true,"href":"https:\/\/dev.poppers-online.ch\/it\/wp-json\/wp\/v2\/product_tag?post=91657"}],"curies":[{"name":"wp","href":"https:\/\/api.w.org\/{rel}","templated":true}]}}