{"id":91671,"date":"2024-04-24T12:56:52","date_gmt":"2024-04-24T10:56:52","guid":{"rendered":"https:\/\/poppers-online.ch\/produkt\/kinky-monster-doccia-anale-con-foro-laterale-da-15-cm\/"},"modified":"2025-12-02T17:20:38","modified_gmt":"2025-12-02T16:20:38","slug":"kinky-monster-doccia-anale-con-foro-laterale-da-15-cm","status":"publish","type":"product","link":"https:\/\/dev.poppers-online.ch\/it\/prodotto\/kinky-monster-doccia-anale-con-foro-laterale-da-15-cm\/","title":{"rendered":"Kinky Monster, doccia anale con foro laterale da 15 cm"},"content":{"rendered":"","protected":false},"excerpt":{"rendered":"<p>L&#8217;irrigazione anale fa parte della preparazione al sesso anale prolungato. Se vi sentite puliti dentro, potete rilassarvi ancora meglio e non dovete preoccuparvi di brutte sorprese. Questo piccolo e pratico attacco per soffione doccia si adatta a tutti i tubi doccia standard da \u00bd pollice. \u00c8 meglio inserire il soffione della doccia con l&#8217;acqua corrente. Si pu\u00f2 anche usare un po&#8217; di lubrificante. Devi tenere l&#8217;acqua nel retto per circa 20 secondi, con 3 ripetizioni.<\/p>\n<p>La <strong>doccia anale Kinky Monster con foro laterale da 15 cm<\/strong> \u00e8 relativamente corta e con un diametro di circa 2 cm \u00e8 molto adatta anche ai principianti. I fori laterali risolvono un noto problema di pulizia anale. Non dovrai pi\u00f9 preoccuparti che il getto d&#8217;acqua della doccia anale finisca nell&#8217;intestino. I fori laterali garantiscono un intenso getto d&#8217;acqua laterale. Questo divide il getto d&#8217;acqua in modo che fuoriesca solo dal lato del retto, rendendo l&#8217;irrigazione anale molto pi\u00f9 confortevole per l&#8217;utente. Il materiale in acciaio inox \u00e8 robusto e garantisce una superficie molto liscia e una lunga durata. Peso 70g.<\/p>\n","protected":false},"featured_media":91662,"comment_status":"open","ping_status":"closed","template":"","meta":{"_acf_changed":false,"_glsr_average":0,"_glsr_ranking":0,"_glsr_reviews":0},"product_brand":[],"product_cat":[2065,168],"product_tag":[],"class_list":{"0":"post-91671","1":"product","2":"type-product","3":"status-publish","4":"has-post-thumbnail","6":"product_cat-docce-anali","7":"product_cat-farmacia","9":"first","10":"instock","11":"taxable","12":"shipping-taxable","13":"purchasable","14":"product-type-simple"},"acf":[],"_links":{"self":[{"href":"https:\/\/dev.poppers-online.ch\/it\/wp-json\/wp\/v2\/product\/91671","targetHints":{"allow":["GET"]}}],"collection":[{"href":"https:\/\/dev.poppers-online.ch\/it\/wp-json\/wp\/v2\/product"}],"about":[{"href":"https:\/\/dev.poppers-online.ch\/it\/wp-json\/wp\/v2\/types\/product"}],"replies":[{"embeddable":true,"href":"https:\/\/dev.poppers-online.ch\/it\/wp-json\/wp\/v2\/comments?post=91671"}],"wp:featuredmedia":[{"embeddable":true,"href":"https:\/\/dev.poppers-online.ch\/it\/wp-json\/wp\/v2\/media\/91662"}],"wp:attachment":[{"href":"https:\/\/dev.poppers-online.ch\/it\/wp-json\/wp\/v2\/media?parent=91671"}],"wp:term":[{"taxonomy":"product_brand","embeddable":true,"href":"https:\/\/dev.poppers-online.ch\/it\/wp-json\/wp\/v2\/product_brand?post=91671"},{"taxonomy":"product_cat","embeddable":true,"href":"https:\/\/dev.poppers-online.ch\/it\/wp-json\/wp\/v2\/product_cat?post=91671"},{"taxonomy":"product_tag","embeddable":true,"href":"https:\/\/dev.poppers-online.ch\/it\/wp-json\/wp\/v2\/product_tag?post=91671"}],"curies":[{"name":"wp","href":"https:\/\/api.w.org\/{rel}","templated":true}]}}