{"id":91823,"date":"2024-04-25T12:59:17","date_gmt":"2024-04-25T11:11:58","guid":{"rendered":"https:\/\/poppers-online.ch\/?post_type=product&#038;p=91823"},"modified":"2024-10-15T23:15:39","modified_gmt":"2024-10-15T21:15:39","slug":"hit-hold-release-libro-tascabile-un-quickie-poppers-per-adulti-gay-edizione-inglese-vol-2","status":"publish","type":"product","link":"https:\/\/dev.poppers-online.ch\/it\/prodotto\/hit-hold-release-libro-tascabile-un-quickie-poppers-per-adulti-gay-edizione-inglese-vol-2\/","title":{"rendered":"Hit Hold Release &#8211; Libro tascabile &#8211; Un Quickie Poppers per Adulti Gay &#8211; Edizione Inglese Vol.2"},"content":{"rendered":"","protected":false},"excerpt":{"rendered":"<p><strong>Hit Hold Release &#8211; Libro tascabile &#8211; Un Quickie Poppers per Adulti Gay &#8211; Edizione Inglese Vol.2<\/strong><\/p>\n<p>La seconda edizione del primo libro porno gay sui poppers, intitolato &#8220;Hit Hold Release&#8221;, \u00e8 uscita! Tim Willems ha risposto alle richieste dei suoi fan offrendo loro un seguito e pubblicando un piccolo libro per un&#8217;esperienza rapida con i poppers. Le storie gay sono brevi, eccitanti e brutali &#8211; nuove avventure di Tim e dei suoi amici poppers provenienti da diverse nazioni. Come nel primo libro, il punto forte di questa edizione \u00e8 il programma di allenamento sui poppers. Tim ti porta di nuovo in un viaggio in cui inspirerai, tratterrai e espirerai i poppers seguendo le sue istruzioni. Nel frattempo, il porno pi\u00f9 caldo sfiler\u00e0 nella tua mente: quello che la tua immaginazione e le immagini che Tim ti metter\u00e0 in testa creeranno insieme. Puoi lasciarti totalmente guidare da lui quando pronuncia le parole magiche. Ti piacer\u00e0 molto! Quindi ora, prendi i tuoi poppers e inizia!<\/p>\n<p>COLPISCI!<\/p>\n<p>MANTIENI!<\/p>\n<p>RILASCIA!<\/p>\n","protected":false},"featured_media":91820,"comment_status":"open","ping_status":"closed","template":"","meta":{"_acf_changed":false,"_glsr_average":0,"_glsr_ranking":0,"_glsr_reviews":0},"product_brand":[],"product_cat":[151],"product_tag":[],"class_list":{"0":"post-91823","1":"product","2":"type-product","3":"status-publish","4":"has-post-thumbnail","6":"product_cat-accessori-popper","8":"first","9":"instock","10":"taxable","11":"shipping-taxable","12":"purchasable","13":"product-type-simple"},"acf":[],"_links":{"self":[{"href":"https:\/\/dev.poppers-online.ch\/it\/wp-json\/wp\/v2\/product\/91823","targetHints":{"allow":["GET"]}}],"collection":[{"href":"https:\/\/dev.poppers-online.ch\/it\/wp-json\/wp\/v2\/product"}],"about":[{"href":"https:\/\/dev.poppers-online.ch\/it\/wp-json\/wp\/v2\/types\/product"}],"replies":[{"embeddable":true,"href":"https:\/\/dev.poppers-online.ch\/it\/wp-json\/wp\/v2\/comments?post=91823"}],"wp:featuredmedia":[{"embeddable":true,"href":"https:\/\/dev.poppers-online.ch\/it\/wp-json\/wp\/v2\/media\/91820"}],"wp:attachment":[{"href":"https:\/\/dev.poppers-online.ch\/it\/wp-json\/wp\/v2\/media?parent=91823"}],"wp:term":[{"taxonomy":"product_brand","embeddable":true,"href":"https:\/\/dev.poppers-online.ch\/it\/wp-json\/wp\/v2\/product_brand?post=91823"},{"taxonomy":"product_cat","embeddable":true,"href":"https:\/\/dev.poppers-online.ch\/it\/wp-json\/wp\/v2\/product_cat?post=91823"},{"taxonomy":"product_tag","embeddable":true,"href":"https:\/\/dev.poppers-online.ch\/it\/wp-json\/wp\/v2\/product_tag?post=91823"}],"curies":[{"name":"wp","href":"https:\/\/api.w.org\/{rel}","templated":true}]}}