{"id":91849,"date":"2024-04-25T13:52:18","date_gmt":"2024-04-25T11:52:18","guid":{"rendered":"https:\/\/poppers-online.ch\/produkt\/dirty-pig-poppers-24ml-incluso-paperback-hit-hold-release-vol-2-edizione-tedesca\/"},"modified":"2025-08-18T15:53:18","modified_gmt":"2025-08-18T13:53:18","slug":"dirty-pig-poppers-24ml-incluso-paperback-hit-hold-release-vol-2-edizione-tedesca","status":"publish","type":"product","link":"https:\/\/dev.poppers-online.ch\/it\/prodotto\/dirty-pig-poppers-24ml-incluso-paperback-hit-hold-release-vol-2-edizione-tedesca\/","title":{"rendered":"Dirty PIG Poppers 24ml incluso. Paperback Hit Hold Release Vol. 2 &#8211; Edizione tedesca"},"content":{"rendered":"","protected":false},"excerpt":{"rendered":"<p><strong>Dirty PIG Popper 24ml<\/strong> \u00e8 sul mercato dal 2023 e contiene l&#8217;ex nitrito di pentile. Questo Popper \u00e8 un must per la tua prossima sessione perversa. L&#8217;<strong>intensit\u00e0 5<\/strong> di questa boccetta ti permette di godere appieno delle tue avventure di sesso sporco. Dirty PIG Popper ti trasformer\u00e0 in un vero maiale a letto. Dirty PIG Popper \u00e8 disponibile anche in una boccetta da 10 ml.    <\/p>\n<p>In questo pacchetto riceverai il primo libro porno di <strong>storie di <\/strong>sesso. Il  <strong>Paperback Hit Hold Release Vol. 2 &#8211; Edizione tedesca <\/strong> \u00e8 per tutti coloro che amano i Popper e il sesso tra uomini! Tim Willems ha scritto le sue esperienze sessuali estremamente piccanti molto dettagliatamente per la prima parte, che ti far\u00e0 diventare duro e ti incoragger\u00e0 a tirare i popper. I Popperbator di tutto il mondo hanno potuto inviare le loro storie per la seconda parte del libro erotico gay, che servir\u00e0 anche a te come modello di masturbazione! Il momento clou \u00e8 l&#8217;addestramento ai Popper, che forse conosci gi\u00e0 grazie a diversi video. Anche in questo caso segui le istruzioni <strong>HIT \u2013 HOLD \u2013 RELEASE<\/strong> e avrai davanti ai tuoi occhi il porno pi\u00f9 piccante: quello che la tua immaginazione e le immagini che Tim ti mette in testa creano insieme.    <\/p>\n","protected":false},"featured_media":91837,"comment_status":"open","ping_status":"closed","template":"","meta":{"_acf_changed":false,"_glsr_average":0,"_glsr_ranking":0,"_glsr_reviews":0},"product_brand":[],"product_cat":[1047,104,109,151],"product_tag":[],"class_list":{"0":"post-91849","1":"product","2":"type-product","3":"status-publish","4":"has-post-thumbnail","6":"product_cat-popper","7":"product_cat-confezioni-value","8":"product_cat-boccette-grandi","9":"product_cat-accessori-popper","10":"pa_inhalt-combo","11":"pa_inhalt-24ml","12":"pa_marke-oxy-edition-it","13":"pa_staerke-103","15":"first","16":"instock","17":"sale","18":"taxable","19":"shipping-taxable","20":"purchasable","21":"product-type-simple"},"acf":[],"_links":{"self":[{"href":"https:\/\/dev.poppers-online.ch\/it\/wp-json\/wp\/v2\/product\/91849","targetHints":{"allow":["GET"]}}],"collection":[{"href":"https:\/\/dev.poppers-online.ch\/it\/wp-json\/wp\/v2\/product"}],"about":[{"href":"https:\/\/dev.poppers-online.ch\/it\/wp-json\/wp\/v2\/types\/product"}],"replies":[{"embeddable":true,"href":"https:\/\/dev.poppers-online.ch\/it\/wp-json\/wp\/v2\/comments?post=91849"}],"wp:featuredmedia":[{"embeddable":true,"href":"https:\/\/dev.poppers-online.ch\/it\/wp-json\/wp\/v2\/media\/91837"}],"wp:attachment":[{"href":"https:\/\/dev.poppers-online.ch\/it\/wp-json\/wp\/v2\/media?parent=91849"}],"wp:term":[{"taxonomy":"product_brand","embeddable":true,"href":"https:\/\/dev.poppers-online.ch\/it\/wp-json\/wp\/v2\/product_brand?post=91849"},{"taxonomy":"product_cat","embeddable":true,"href":"https:\/\/dev.poppers-online.ch\/it\/wp-json\/wp\/v2\/product_cat?post=91849"},{"taxonomy":"product_tag","embeddable":true,"href":"https:\/\/dev.poppers-online.ch\/it\/wp-json\/wp\/v2\/product_tag?post=91849"}],"curies":[{"name":"wp","href":"https:\/\/api.w.org\/{rel}","templated":true}]}}