{"id":92666,"date":"2024-05-02T21:13:30","date_gmt":"2024-05-02T20:54:36","guid":{"rendered":"https:\/\/poppers-online.ch\/produkt\/calexotics-admiral-2-set-di-anelli-per-il-cazzo\/"},"modified":"2024-05-02T22:54:36","modified_gmt":"2024-05-02T20:54:36","slug":"calexotics-admiral-2-set-di-anelli-per-il-cazzo","status":"publish","type":"product","link":"https:\/\/dev.poppers-online.ch\/it\/prodotto\/calexotics-admiral-2-set-di-anelli-per-il-cazzo\/","title":{"rendered":"CalExotics Admiral 2 Set di anelli per il cazzo"},"content":{"rendered":"","protected":false},"excerpt":{"rendered":"<p>Ti presentiamo il <strong>CalExotics Admiral 2 Cock Ring Set<\/strong>, un duo di stimolatori in silicone di prima qualit\u00e0 progettati per migliorare le prestazioni e aumentare il piacere. Di dimensioni crescenti per una maggiore versatilit\u00e0, questi anelli elastici e confortevoli assicurano una vestibilit\u00e0 morbida per permetterti di concentrarti sul piacere senza distrazioni. Utilizzati singolarmente o insieme, forniscono un supporto aggiuntivo per una soddisfazione pi\u00f9 forte e duratura. Realizzato in silicone delicato per il corpo, il set d\u00e0 priorit\u00e0 alla tua sicurezza e al tuo comfort e garantisce un&#8217;esperienza senza preoccupazioni. Scopri come aumentare il piacere e le prestazioni, sia aumentando la resistenza che migliorando le sensazioni. Dai priorit\u00e0 a una maggiore sensibilit\u00e0 e a un piacere duraturo con questo versatile ed efficace set di anelli Admiral, che tiene conto dei tuoi desideri e migliora le tue esperienze intime.<\/p>\n<p><strong>Ulteriori informazioni:<\/strong><\/p>\n<ul>\n<li>Set di 2 amplificatori in silicone premium con dimensioni incrementali<\/li>\n<li>Design elasticizzato, confortevole, resistente e senza cuciture per migliorare le prestazioni.<\/li>\n<li>Possono essere utilizzati come anelli singoli o combinati per ottenere un rinforzo aggiuntivo.<\/li>\n<li>Silicone delicato per il corpo<\/li>\n<\/ul>\n<p><strong>Dimensioni del prodotto:<\/strong><\/p>\n<ul>\n<li>4,5 cm (diametro &#8211; anello grande) e 5 cm (diametro &#8211; anello extra large)<\/li>\n<li>Resistenza all&#8217;acqua: Impermeabile<\/li>\n<li>Materiale: silicone<\/li>\n<\/ul>\n","protected":false},"featured_media":92625,"comment_status":"open","ping_status":"closed","template":"","meta":{"_acf_changed":false,"_glsr_average":0,"_glsr_ranking":0,"_glsr_reviews":0},"product_brand":[],"product_cat":[2092,172],"product_tag":[],"class_list":{"0":"post-92666","1":"product","2":"type-product","3":"status-publish","4":"has-post-thumbnail","6":"product_cat-cock-play","7":"product_cat-sex-toys","9":"first","10":"instock","11":"taxable","12":"shipping-taxable","13":"purchasable","14":"product-type-simple"},"acf":[],"_links":{"self":[{"href":"https:\/\/dev.poppers-online.ch\/it\/wp-json\/wp\/v2\/product\/92666","targetHints":{"allow":["GET"]}}],"collection":[{"href":"https:\/\/dev.poppers-online.ch\/it\/wp-json\/wp\/v2\/product"}],"about":[{"href":"https:\/\/dev.poppers-online.ch\/it\/wp-json\/wp\/v2\/types\/product"}],"replies":[{"embeddable":true,"href":"https:\/\/dev.poppers-online.ch\/it\/wp-json\/wp\/v2\/comments?post=92666"}],"wp:featuredmedia":[{"embeddable":true,"href":"https:\/\/dev.poppers-online.ch\/it\/wp-json\/wp\/v2\/media\/92625"}],"wp:attachment":[{"href":"https:\/\/dev.poppers-online.ch\/it\/wp-json\/wp\/v2\/media?parent=92666"}],"wp:term":[{"taxonomy":"product_brand","embeddable":true,"href":"https:\/\/dev.poppers-online.ch\/it\/wp-json\/wp\/v2\/product_brand?post=92666"},{"taxonomy":"product_cat","embeddable":true,"href":"https:\/\/dev.poppers-online.ch\/it\/wp-json\/wp\/v2\/product_cat?post=92666"},{"taxonomy":"product_tag","embeddable":true,"href":"https:\/\/dev.poppers-online.ch\/it\/wp-json\/wp\/v2\/product_tag?post=92666"}],"curies":[{"name":"wp","href":"https:\/\/api.w.org\/{rel}","templated":true}]}}