{"id":92670,"date":"2024-05-02T22:55:33","date_gmt":"2024-05-02T21:10:27","guid":{"rendered":"https:\/\/poppers-online.ch\/produkt\/alpha-liquid-silicone-muscle-cock-ring\/"},"modified":"2024-05-02T23:10:27","modified_gmt":"2024-05-02T21:10:27","slug":"alpha-liquid-silicone-muscle-cock-ring","status":"publish","type":"product","link":"https:\/\/dev.poppers-online.ch\/it\/prodotto\/alpha-liquid-silicone-muscle-cock-ring\/","title":{"rendered":"Alpha Liquid Silicone Muscle Cock Ring"},"content":{"rendered":"","protected":false},"excerpt":{"rendered":"<p>Dai timidi principianti agli esperti di erotismo, l&#8217;<strong>Alpha Liquid Silicone Muscle Cock Ring<\/strong> ti avvolger\u00e0 strettamente nel piacere grazie all&#8217;anello di rinforzo ultra-plush e ultra-stretch. L&#8217;anello giocoso \u00e8 realizzato in silicone liquido ultra elastico con un esclusivo accento di perle. Questo cock ring elastico e confortevole \u00e8 stato progettato per aumentare la resistenza, migliorare la sensibilit\u00e0 e fornire un supporto superiore all&#8217;erezione. Prova un piacere esplosivo quando il soffice anello si contrae ad ogni movimento. Il silicone liquido di alta qualit\u00e0 \u00e8 morbido, liscio, resistente e impermeabile.<\/p>\n<p><strong>Ulteriori informazioni:<\/strong><\/p>\n<ul>\n<li>Amplificatore in silicone liquido premium<\/li>\n<li>Design elastico, confortevole, robusto e senza cuciture<\/li>\n<li>Silicone liquido: pi\u00f9 morbido, pi\u00f9 liscio, pi\u00f9 resistente e impermeabile<\/li>\n<\/ul>\n<p><strong>Dimensioni del prodotto:<\/strong> 3,75 cm (diametro dell&#8217;anello)<\/p>\n<p>Resistenza all&#8217;acqua: Impermeabile<\/p>\n<p>Materiale: silicone<\/p>\n<p>Batterie: Ioni di litio<\/p>\n<p>Batterie incluse: S\u00ec<\/p>\n","protected":false},"featured_media":92663,"comment_status":"open","ping_status":"closed","template":"","meta":{"_acf_changed":false,"_glsr_average":0,"_glsr_ranking":0,"_glsr_reviews":0},"product_brand":[],"product_cat":[2092,172],"product_tag":[],"class_list":{"0":"post-92670","1":"product","2":"type-product","3":"status-publish","4":"has-post-thumbnail","6":"product_cat-cock-play","7":"product_cat-sex-toys","9":"first","10":"instock","11":"taxable","12":"shipping-taxable","13":"purchasable","14":"product-type-simple"},"acf":[],"_links":{"self":[{"href":"https:\/\/dev.poppers-online.ch\/it\/wp-json\/wp\/v2\/product\/92670","targetHints":{"allow":["GET"]}}],"collection":[{"href":"https:\/\/dev.poppers-online.ch\/it\/wp-json\/wp\/v2\/product"}],"about":[{"href":"https:\/\/dev.poppers-online.ch\/it\/wp-json\/wp\/v2\/types\/product"}],"replies":[{"embeddable":true,"href":"https:\/\/dev.poppers-online.ch\/it\/wp-json\/wp\/v2\/comments?post=92670"}],"wp:featuredmedia":[{"embeddable":true,"href":"https:\/\/dev.poppers-online.ch\/it\/wp-json\/wp\/v2\/media\/92663"}],"wp:attachment":[{"href":"https:\/\/dev.poppers-online.ch\/it\/wp-json\/wp\/v2\/media?parent=92670"}],"wp:term":[{"taxonomy":"product_brand","embeddable":true,"href":"https:\/\/dev.poppers-online.ch\/it\/wp-json\/wp\/v2\/product_brand?post=92670"},{"taxonomy":"product_cat","embeddable":true,"href":"https:\/\/dev.poppers-online.ch\/it\/wp-json\/wp\/v2\/product_cat?post=92670"},{"taxonomy":"product_tag","embeddable":true,"href":"https:\/\/dev.poppers-online.ch\/it\/wp-json\/wp\/v2\/product_tag?post=92670"}],"curies":[{"name":"wp","href":"https:\/\/api.w.org\/{rel}","templated":true}]}}