{"id":92936,"date":"2024-05-05T15:08:38","date_gmt":"2024-05-05T19:49:45","guid":{"rendered":"https:\/\/poppers-online.ch\/produkt\/s8-hybrid-cum-glide-125ml\/"},"modified":"2024-05-05T21:49:45","modified_gmt":"2024-05-05T19:49:45","slug":"s8-hybrid-cum-glide-125ml","status":"publish","type":"product","link":"https:\/\/dev.poppers-online.ch\/it\/prodotto\/s8-hybrid-cum-glide-125ml\/","title":{"rendered":"S8 Hybrid Cum Glide 125ml"},"content":{"rendered":"","protected":false},"excerpt":{"rendered":"<p><strong>S8 Hybrid Cum Glide 125ml <\/strong> &#8211; un lubrificante che imita lo sperma e migliora la tua esperienza intima grazie alla sua formula ibrida. Questo lubrificante senza olio e grasso \u00e8 stato accuratamente formulato per offrire un&#8217;esperienza piacevole senza disordine.<\/p>\n<p>L&#8217;<strong>S8 Hybrid Cum Glide 125ml<\/strong> \u00e8 appositamente formulato per essere delicato sulla pelle e sulle mucose, il che lo rende una scelta eccellente per chi ha la pelle sensibile. Offre comfort e piacere e garantisce la compatibilit\u00e0 con i preservativi. Il lubrificante \u00e8 facile da lavare e non lascia residui o segni. Pulire \u00e8 facile, cos\u00ec puoi concentrarti sulla connessione che condividi con il tuo partner.<\/p>\n<p>Tieni presente che non si tratta di un contraccettivo e non offre alcuna protezione contro le infezioni. Il suo unico scopo \u00e8 quello di arricchire la tua esperienza sensoriale. Come per qualsiasi lubrificante, ti consigliamo di conservarlo in un luogo fresco e asciutto per preservarne la qualit\u00e0 e la durata.<\/p>\n<p><strong>Contenuto:<\/strong> 125ml<br \/>\n<strong>Ingredienti:<\/strong> ACQUA, GLICERINA, PROPYLENE GLYCOL, CICLOMETHICONE, ACRILATO DI SODIO \/ TAURATO DI ACRILDETILE, DIMETHICONOL, ISOHEXADECANE, POLSYSORBATE 80, IDROSSIETHYLCELLULOSA, FENOSSIETANOLO, ETILLEXYLGLYCERIN, CI77897, CI19140.<\/p>\n","protected":false},"featured_media":92867,"comment_status":"closed","ping_status":"closed","template":"","meta":{"_acf_changed":false,"_glsr_average":0,"_glsr_ranking":0,"_glsr_reviews":0},"product_brand":[],"product_cat":[2068,168],"product_tag":[],"class_list":{"0":"post-92936","1":"product","2":"type-product","3":"status-publish","4":"has-post-thumbnail","6":"product_cat-lubrificanti","7":"product_cat-farmacia","9":"first","10":"instock","11":"taxable","12":"shipping-taxable","13":"purchasable","14":"product-type-simple"},"acf":[],"_links":{"self":[{"href":"https:\/\/dev.poppers-online.ch\/it\/wp-json\/wp\/v2\/product\/92936","targetHints":{"allow":["GET"]}}],"collection":[{"href":"https:\/\/dev.poppers-online.ch\/it\/wp-json\/wp\/v2\/product"}],"about":[{"href":"https:\/\/dev.poppers-online.ch\/it\/wp-json\/wp\/v2\/types\/product"}],"replies":[{"embeddable":true,"href":"https:\/\/dev.poppers-online.ch\/it\/wp-json\/wp\/v2\/comments?post=92936"}],"wp:featuredmedia":[{"embeddable":true,"href":"https:\/\/dev.poppers-online.ch\/it\/wp-json\/wp\/v2\/media\/92867"}],"wp:attachment":[{"href":"https:\/\/dev.poppers-online.ch\/it\/wp-json\/wp\/v2\/media?parent=92936"}],"wp:term":[{"taxonomy":"product_brand","embeddable":true,"href":"https:\/\/dev.poppers-online.ch\/it\/wp-json\/wp\/v2\/product_brand?post=92936"},{"taxonomy":"product_cat","embeddable":true,"href":"https:\/\/dev.poppers-online.ch\/it\/wp-json\/wp\/v2\/product_cat?post=92936"},{"taxonomy":"product_tag","embeddable":true,"href":"https:\/\/dev.poppers-online.ch\/it\/wp-json\/wp\/v2\/product_tag?post=92936"}],"curies":[{"name":"wp","href":"https:\/\/api.w.org\/{rel}","templated":true}]}}