{"id":93628,"date":"2024-05-16T12:41:08","date_gmt":"2024-05-16T10:41:08","guid":{"rendered":"https:\/\/poppers-online.ch\/produkt\/pig-dream-poppers-combo\/"},"modified":"2025-09-07T11:01:19","modified_gmt":"2025-09-07T09:01:19","slug":"pigdreams-poppers-combo","status":"publish","type":"product","link":"https:\/\/dev.poppers-online.ch\/it\/prodotto\/pigdreams-poppers-combo\/","title":{"rendered":"Pigdreams Poppers Combo"},"content":{"rendered":"","protected":false},"excerpt":{"rendered":"<p>La confezione economica <strong>Pigdreams Poppers Combo<\/strong>\u00a0\u00e8 composta da due boccette di popper: Dirty Pig 10ml Popper e Drecksau Extra Strong 30ml Popper.<\/p>\n<p><strong>Dirty PIG Popper 10ml<\/strong> \u00e8 sul mercato dal 2023 e contiene l&#8217;ex nitrito di pentile. Questo Popper \u00e8 un must per la tua prossima sessione perversa. L&#8217;<strong>intensit\u00e0 5<\/strong> di questa boccetta ti permette di godere appieno delle tue avventure di sesso sporco. Dirty PIG Popper ti trasformer\u00e0 in un vero maiale a letto. Dirty PIG Popper \u00e8 disponibile anche in una boccetta da 24 ml.<\/p>\n<p>&nbsp;<\/p>\n<p>Il <strong>Drecksau Extra Strong Popper 30ml <\/strong>risveglier\u00e0 anche il maiale che \u00e8 in te. Con i nostri Popper Drecksau di intensit\u00e0 extra puoi darci dentro con il sesso, il sesso anale, il sesso orale e le posizioni sessuali pi\u00f9 insolite. Contiene il nitrito alchilico con il nome di nitrito esilico, che \u00e8 classificato come il meno dannoso per la salute. Con un&#8217;intensit\u00e0 di 6, il Drecksau Popper \u00e8 una delle variet\u00e0 pi\u00f9 forti sul mercato ed \u00e8 disponibile in una boccetta da 30 ml con un tappo facile da aprire. Espandi i tuoi limiti e fai uscire il tuo maiale senza freni con i Drecksau Extra Strong Popper.<\/p>\n","protected":false},"featured_media":93625,"comment_status":"open","ping_status":"closed","template":"","meta":{"_acf_changed":false,"_glsr_average":0,"_glsr_ranking":0,"_glsr_reviews":0},"product_brand":[],"product_cat":[1047,104,109,112],"product_tag":[],"class_list":{"0":"post-93628","1":"product","2":"type-product","3":"status-publish","4":"has-post-thumbnail","6":"product_cat-popper","7":"product_cat-confezioni-value","8":"product_cat-boccette-grandi","9":"product_cat-boccette-piccole","10":"pa_flaschenform-rotonda-grande","11":"pa_flaschenform-rotonda-piccola","12":"pa_gewindegroesse-piccola","13":"pa_inhalt-combo","14":"pa_inhalt-30ml","15":"pa_inhalt-10ml","16":"pa_inhaltsstoffe-nitrito-di-pentile","17":"pa_inhaltsstoffe-nitrito-esile","18":"pa_marke-oxy-edition-it","19":"pa_marke-royal-hexagon","20":"pa_staerke-103","22":"first","23":"instock","24":"sale","25":"taxable","26":"shipping-taxable","27":"purchasable","28":"product-type-simple"},"acf":[],"_links":{"self":[{"href":"https:\/\/dev.poppers-online.ch\/it\/wp-json\/wp\/v2\/product\/93628","targetHints":{"allow":["GET"]}}],"collection":[{"href":"https:\/\/dev.poppers-online.ch\/it\/wp-json\/wp\/v2\/product"}],"about":[{"href":"https:\/\/dev.poppers-online.ch\/it\/wp-json\/wp\/v2\/types\/product"}],"replies":[{"embeddable":true,"href":"https:\/\/dev.poppers-online.ch\/it\/wp-json\/wp\/v2\/comments?post=93628"}],"wp:featuredmedia":[{"embeddable":true,"href":"https:\/\/dev.poppers-online.ch\/it\/wp-json\/wp\/v2\/media\/93625"}],"wp:attachment":[{"href":"https:\/\/dev.poppers-online.ch\/it\/wp-json\/wp\/v2\/media?parent=93628"}],"wp:term":[{"taxonomy":"product_brand","embeddable":true,"href":"https:\/\/dev.poppers-online.ch\/it\/wp-json\/wp\/v2\/product_brand?post=93628"},{"taxonomy":"product_cat","embeddable":true,"href":"https:\/\/dev.poppers-online.ch\/it\/wp-json\/wp\/v2\/product_cat?post=93628"},{"taxonomy":"product_tag","embeddable":true,"href":"https:\/\/dev.poppers-online.ch\/it\/wp-json\/wp\/v2\/product_tag?post=93628"}],"curies":[{"name":"wp","href":"https:\/\/api.w.org\/{rel}","templated":true}]}}