{"id":95706,"date":"2023-11-19T19:27:56","date_gmt":"2024-06-13T14:27:30","guid":{"rendered":"https:\/\/poppers-online.ch\/produkt\/hankeys-toys-boss-hogg-dildo-anale\/"},"modified":"2024-06-13T16:27:30","modified_gmt":"2024-06-13T14:27:30","slug":"hankeys-toys-boss-hogg-dildo-anale","status":"publish","type":"product","link":"https:\/\/dev.poppers-online.ch\/it\/prodotto\/hankeys-toys-boss-hogg-dildo-anale\/","title":{"rendered":"Hankey&#8217;s Toys BOSS HOGG Dildo Anale"},"content":{"rendered":"","protected":false},"excerpt":{"rendered":"<p>Pensi di poterlo portare all&#8217;estremo con il BOSS HOGG di Hankey&#8217;s Toys? La consistenza liscia e il fusto robusto di questo giocattolo faranno fremere il tuo buco. Questa coda \u00e8 super grande! Ti d\u00e0 una sensazione di pienezza completa mentre ti allunga ben oltre l&#8217;apertura. Uno dei giocattoli pi\u00f9 popolari della linea Hankey&#8217;s Toys. Le palline Remove-O-Balls sono vendute separatamente. Questo giocattolo ha un foro sul lato inferiore della base, che lo rende compatibile con il sistema Vac-U-Lock. Pu\u00f2 essere utilizzato con macchine del cazzo e con altri accessori Vac-U-Lock e strapuntini. Struttura: Struttura liscia\/leggera.<\/p>\n<p>Hankey&#8217;s Toys produce dildo molto realistici con dimensioni sproporzionate per il piacere illimitato di amatori ed esperti. Molte modelle sono l&#8217;immagine di un attore porno molto ben dotato e di dimensioni straordinarie. Tutti i giocattoli Hankey sono realizzati a mano in silicone platinico di alta qualit\u00e0. I dildo del marchio cult Hankey&#8217;s Toys sono massicci, pesanti e incredibilmente grandi allo stesso tempo. Per noi, i pi\u00f9 grandi dildo anali del mondo fino ad ora!<\/p>\n<p><strong>BOSS HOGG &#8211; PICCOLO<\/strong><br \/>\nCirconferenza della testa: 17,8 cm<br \/>\nCirconferenza al centro: 22,8 cm<br \/>\nCirconferenza alla base: 20,3 cm<br \/>\nLunghezza totale: 25,0 cm<br \/>\nLunghezza inseribile: 22,8 cm<br \/>\nMisura dell&#8217;anello con cinturino: 6,4 cm<\/p>\n<p><strong>BOSS HOGG &#8211; MEDIO<\/strong><br \/>\nCirconferenza della testa: 19,0cm<br \/>\nCirconferenza al centro: 25,4 cm<br \/>\nCirconferenza alla base: 22,2 cm<br \/>\nLunghezza totale: 28,0 cm<br \/>\nLunghezza inseribile: 26,0 cm<br \/>\nMisura dell&#8217;anello con cinturino: 6,4 cm<\/p>\n<p><strong>BOSS HOGG &#8211; L\/XL (TAGLIA ORIGINALE)<\/strong><br \/>\nCirconferenza della testa: 22,8 cm<br \/>\nCirconferenza al centro: 30,0cm<br \/>\nCirconferenza alla base: 27,3 cm<br \/>\nLunghezza totale: 33,0 cm<br \/>\nLunghezza inseribile: 30,5 cm<br \/>\nMisura dell&#8217;anello con cinturino: 7,6 cm<\/p>\n<p><strong><br \/>\nBOSS HOGG &#8211; XXL<\/strong>Circonferenza della testa: 24,1 cm<strong><\/strong><br \/>\nCirconferenza al centro: 33,0cm<br \/>\nCirconferenza alla base: 28,6 cm<br \/>\nLunghezza totale: 35,0 cm<br \/>\nLunghezza inseribile: 33,0 cm<br \/>\nMisura dell&#8217;anello con cinturino: 7,6 cm<\/p>\n<p><strong>BOSS HOGG &#8211; XXXL<\/strong><br \/>\nCirconferenza della testa: 26,0cm<br \/>\nCirconferenza al centro: 35,6 cm<br \/>\nCirconferenza alla base: 31,1 cm<br \/>\nLunghezza totale: 37,2 cm<br \/>\nLunghezza inseribile: 34,7 cm<br \/>\nMisura dell&#8217;anello con cinturino: 7,6 cm<\/p>\n","protected":false},"featured_media":76792,"comment_status":"open","ping_status":"closed","template":"","meta":{"_acf_changed":false,"_glsr_average":0,"_glsr_ranking":0,"_glsr_reviews":0},"product_brand":[],"product_cat":[2086,172],"product_tag":[1565],"class_list":{"0":"post-95706","1":"product","2":"type-product","3":"status-publish","4":"has-post-thumbnail","6":"product_cat-anal-play","7":"product_cat-sex-toys","8":"product_tag-giocattoli-honkeys-boss-hogg-dildo-anale-l-xl","10":"first","11":"outofstock","12":"sale","13":"taxable","14":"shipping-taxable","15":"purchasable","16":"product-type-variable","17":"has-default-attributes"},"acf":[],"_links":{"self":[{"href":"https:\/\/dev.poppers-online.ch\/it\/wp-json\/wp\/v2\/product\/95706","targetHints":{"allow":["GET"]}}],"collection":[{"href":"https:\/\/dev.poppers-online.ch\/it\/wp-json\/wp\/v2\/product"}],"about":[{"href":"https:\/\/dev.poppers-online.ch\/it\/wp-json\/wp\/v2\/types\/product"}],"replies":[{"embeddable":true,"href":"https:\/\/dev.poppers-online.ch\/it\/wp-json\/wp\/v2\/comments?post=95706"}],"wp:featuredmedia":[{"embeddable":true,"href":"https:\/\/dev.poppers-online.ch\/it\/wp-json\/wp\/v2\/media\/76792"}],"wp:attachment":[{"href":"https:\/\/dev.poppers-online.ch\/it\/wp-json\/wp\/v2\/media?parent=95706"}],"wp:term":[{"taxonomy":"product_brand","embeddable":true,"href":"https:\/\/dev.poppers-online.ch\/it\/wp-json\/wp\/v2\/product_brand?post=95706"},{"taxonomy":"product_cat","embeddable":true,"href":"https:\/\/dev.poppers-online.ch\/it\/wp-json\/wp\/v2\/product_cat?post=95706"},{"taxonomy":"product_tag","embeddable":true,"href":"https:\/\/dev.poppers-online.ch\/it\/wp-json\/wp\/v2\/product_tag?post=95706"}],"curies":[{"name":"wp","href":"https:\/\/api.w.org\/{rel}","templated":true}]}}