{"id":97883,"date":"2024-07-19T14:41:45","date_gmt":"2024-07-19T14:24:53","guid":{"rendered":"https:\/\/poppers-online.ch\/produkt\/liquid-gold-extra-strong-poppers-30ml\/"},"modified":"2024-11-01T20:44:05","modified_gmt":"2024-11-01T19:44:05","slug":"liquid-gold-extra-strong-popper-30ml","status":"publish","type":"product","link":"https:\/\/dev.poppers-online.ch\/it\/prodotto\/liquid-gold-extra-strong-popper-30ml\/","title":{"rendered":"Liquid Gold EXTRA STRONG Popper 30ml"},"content":{"rendered":"","protected":false},"excerpt":{"rendered":"<p>Il <strong>Liquid Gold EXTRA STRONG Popper 30ml<\/strong> \u00e8 extra forte, proviene dal Regno Unito ed \u00e8 altamente concentrato, proprio come l&#8217;oro liquido. Inoltre, ti rende un vincitore a letto e un campione di sborra. Liquid Gold EXTRA STRONG Popper 30ml contiene il nitrito alchilico meno dannoso, chiamato nitrito di esile. Con una resistenza di 5 su 6, Liquid Gold EXTRA STRONG Popper 30ml \u00e8 uno dei popper pi\u00f9 forti sul mercato ed \u00e8 disponibile solo da noi in un flacone da 30ml con un tappo facile da aprire. Goditi la prossima notte di sesso arrapante o la prossima sessione di sesso con i Popper Liquid Gold EXTRA Strong.<\/p>\n","protected":false},"featured_media":97856,"comment_status":"open","ping_status":"closed","template":"","meta":{"_acf_changed":false,"_glsr_average":0,"_glsr_ranking":0,"_glsr_reviews":0},"product_brand":[],"product_cat":[1047,109],"product_tag":[],"class_list":{"0":"post-97883","1":"product","2":"type-product","3":"status-publish","4":"has-post-thumbnail","6":"product_cat-popper","7":"product_cat-boccette-grandi","8":"pa_flaschenform-rotonda-piccola","9":"pa_gewindegroesse-piccola","10":"pa_inhalt-30ml","11":"pa_inhaltsstoffe-nitrito-esile","12":"pa_marke-royal-hexagon","13":"pa_staerke-103","15":"first","16":"instock","17":"taxable","18":"shipping-taxable","19":"purchasable","20":"product-type-simple"},"acf":[],"_links":{"self":[{"href":"https:\/\/dev.poppers-online.ch\/it\/wp-json\/wp\/v2\/product\/97883","targetHints":{"allow":["GET"]}}],"collection":[{"href":"https:\/\/dev.poppers-online.ch\/it\/wp-json\/wp\/v2\/product"}],"about":[{"href":"https:\/\/dev.poppers-online.ch\/it\/wp-json\/wp\/v2\/types\/product"}],"replies":[{"embeddable":true,"href":"https:\/\/dev.poppers-online.ch\/it\/wp-json\/wp\/v2\/comments?post=97883"}],"wp:featuredmedia":[{"embeddable":true,"href":"https:\/\/dev.poppers-online.ch\/it\/wp-json\/wp\/v2\/media\/97856"}],"wp:attachment":[{"href":"https:\/\/dev.poppers-online.ch\/it\/wp-json\/wp\/v2\/media?parent=97883"}],"wp:term":[{"taxonomy":"product_brand","embeddable":true,"href":"https:\/\/dev.poppers-online.ch\/it\/wp-json\/wp\/v2\/product_brand?post=97883"},{"taxonomy":"product_cat","embeddable":true,"href":"https:\/\/dev.poppers-online.ch\/it\/wp-json\/wp\/v2\/product_cat?post=97883"},{"taxonomy":"product_tag","embeddable":true,"href":"https:\/\/dev.poppers-online.ch\/it\/wp-json\/wp\/v2\/product_tag?post=97883"}],"curies":[{"name":"wp","href":"https:\/\/api.w.org\/{rel}","templated":true}]}}