{"id":99368,"date":"2024-08-12T13:05:47","date_gmt":"2024-08-12T11:05:47","guid":{"rendered":"https:\/\/poppers-online.ch\/produkt\/sniff-it-hard-city-poppers-combo\/"},"modified":"2025-09-22T11:08:19","modified_gmt":"2025-09-22T09:08:19","slug":"sniff-it-hard-city-popper-combo","status":"publish","type":"product","link":"https:\/\/dev.poppers-online.ch\/it\/prodotto\/sniff-it-hard-city-popper-combo\/","title":{"rendered":"Sniff It Hard City Popper Combo"},"content":{"rendered":"","protected":false},"excerpt":{"rendered":"<p><strong>Sniff It Hard City Popper Combo<\/strong> \u00e8 composto da due boccette di Popper: Berlin Ultra Strong 10ml, Paris Popper XTRA Strong 30ml e il flacone a prova di perdite XTRM Kinky SNFFR Leakproof Double Small Black.<\/p>\n<p><strong>Il Berlin Ultra Strong Popper 10ml<\/strong> \u00e8 una novit\u00e0 sul mercato svizzero dal 2022. Si basa sul nitrito di pentile originale. Questo popper ultra forte porta a casa tua le possibilit\u00e0 selvagge ed esuberanti della capitale queer, tra cui Kitkat e Berghain Berlin, e permette a te e ai tuoi amici di sperimentare intensamente le vibrazioni di Berlin a casa tua.  <\/p>\n<p>Il <strong>Paris Popper XTRA STRONG 30ml<\/strong> \u00e8 stato ispirato dal periodo eccitante ed eccitante trascorso a Parigi alla fine del 2023 e poco dopo. Paris Popper XTRA STRONG Popper 30ml contiene il nitrito alchilico meno dannoso, chiamato nitrito di esile. Con una intensit\u00e0 di 6 su 6, Paris Popper XTRA STRONG Popper 30ml \u00e8 uno dei popper pi\u00f9 forti sul mercato ed \u00e8 disponibile in un flacone da 30ml con un tappo facile da aprire. Parigi \u00e8 la citt\u00e0 dell&#8217;amore e della passione.<\/p>\n<p>Il <strong>tappo per Popper XTRM Kinky SNFFR Leakproof Double Small Black<\/strong> porta l&#8217;inalazione dei popper a un nuovo livello. Grazie al canale di spinta a 5 e al volume d&#8217;aria maggiore, l&#8217;XTRM Kinky SNFFR offre la massima potenza. Quando le cose si scatenano subito dopo aver sniffato il popper, pu\u00f2 succedere che la boccetta si rovesci e che si verifichi una perdita. Solo quando premi il robusto pulsante sul lato dell&#8217;accessorio, il Popper fuoriesce dalla boccetta attraverso il canale di lancio.    Quando rilasci il pulsante, lo sniffer \u00e8 di nuovo sigillato al 100% e i Popper rimangono nella boccetta, anche se questa si rovescia perch\u00e9 \u00e8 calda.<\/p>\n","protected":false},"featured_media":130021,"comment_status":"open","ping_status":"closed","template":"","meta":{"_acf_changed":false,"_glsr_average":0,"_glsr_ranking":0,"_glsr_reviews":0},"product_brand":[],"product_cat":[1047,104,109,112,151,1304],"product_tag":[],"class_list":{"0":"post-99368","1":"product","2":"type-product","3":"status-publish","4":"has-post-thumbnail","6":"product_cat-popper","7":"product_cat-confezioni-value","8":"product_cat-boccette-grandi","9":"product_cat-boccette-piccole","10":"product_cat-accessori-popper","11":"product_cat-booster-caps-it","12":"pa_flaschenform-rotonda-piccola","13":"pa_gewindegroesse-piccola","14":"pa_inhalt-combo","15":"pa_inhalt-30ml","16":"pa_inhalt-10ml","17":"pa_inhaltsstoffe-nitrito-di-pentile","18":"pa_inhaltsstoffe-nitrito-esile","19":"pa_marke-oxy-edition-it","20":"pa_marke-royal-hexagon","21":"pa_staerke-105","23":"first","24":"instock","25":"sale","26":"taxable","27":"shipping-taxable","28":"purchasable","29":"product-type-simple"},"acf":[],"_links":{"self":[{"href":"https:\/\/dev.poppers-online.ch\/it\/wp-json\/wp\/v2\/product\/99368","targetHints":{"allow":["GET"]}}],"collection":[{"href":"https:\/\/dev.poppers-online.ch\/it\/wp-json\/wp\/v2\/product"}],"about":[{"href":"https:\/\/dev.poppers-online.ch\/it\/wp-json\/wp\/v2\/types\/product"}],"replies":[{"embeddable":true,"href":"https:\/\/dev.poppers-online.ch\/it\/wp-json\/wp\/v2\/comments?post=99368"}],"wp:featuredmedia":[{"embeddable":true,"href":"https:\/\/dev.poppers-online.ch\/it\/wp-json\/wp\/v2\/media\/130021"}],"wp:attachment":[{"href":"https:\/\/dev.poppers-online.ch\/it\/wp-json\/wp\/v2\/media?parent=99368"}],"wp:term":[{"taxonomy":"product_brand","embeddable":true,"href":"https:\/\/dev.poppers-online.ch\/it\/wp-json\/wp\/v2\/product_brand?post=99368"},{"taxonomy":"product_cat","embeddable":true,"href":"https:\/\/dev.poppers-online.ch\/it\/wp-json\/wp\/v2\/product_cat?post=99368"},{"taxonomy":"product_tag","embeddable":true,"href":"https:\/\/dev.poppers-online.ch\/it\/wp-json\/wp\/v2\/product_tag?post=99368"}],"curies":[{"name":"wp","href":"https:\/\/api.w.org\/{rel}","templated":true}]}}